{"id":2,"date":"2007-07-06T19:22:49","date_gmt":"2007-07-06T19:22:49","guid":{"rendered":""},"modified":"2010-07-11T00:41:11","modified_gmt":"2010-07-11T03:41:11","slug":"sobre","status":"publish","type":"page","link":"https:\/\/blog.abratel.com.br\/?page_id=2","title":{"rendered":"Sobre"},"content":{"rendered":"<p>Abratel \u00e9 uma empresa especializada em sistemas de tecnologia de informa\u00e7\u00e3o e telecomunica\u00e7\u00f5es, trabalhando h\u00e1 18 anos para desenvolver e prestar servi\u00e7os em produtos de ponta. Apta a projetar e instalar sistemas complexos, assim como elaborar diversas solu\u00e7\u00f5es dedicadas de acordo com as exig\u00eancias de nossos clientes.<\/p>\n<p>Fundada em 1\u00ba de agosto de 1991 e pioneira em nossa regi\u00e3o na \u00e1rea de Telecomunica\u00e7\u00f5es, a Abratel passou a realizar servi\u00e7os desde 2000 na \u00e1rea de tecnologia de Informa\u00e7\u00e3o e Inform\u00e1tica, integrando novos profissionais na administra\u00e7\u00e3o contando com amplo conhecimento em redes e cabeamento estruturado, manuten\u00e7\u00e3o e montagens de hardwares, voz sobre IP, tecnologia r\u00e1dio\/ wireless, centrais digitais e anal\u00f3gicas, etc. Empresa com um quadro de funcion\u00e1rios pr\u00f3prios com alta qualifica\u00e7\u00e3o profissional e com uma larga carteira de refer\u00eancias em servi\u00e7os\/projetos realizados em grandes empresas da regi\u00e3o.<\/p>\n<p>Possui dezenas de casos de sucesso na implementa\u00e7\u00e3o do mais avan\u00e7ado PABX conhecido mundialmente, o IPBX, baseado na plataforma Asterisk, com integra\u00e7\u00f5es desde fun\u00e7\u00f5es t\u00edpicas de PABX como complexas URA`s, Confer\u00eancia, DISA (distribui\u00e7\u00e3o autom\u00e1tica de chamadas), M\u00fasicas de Espera, Ramal Remoto, Servidor de FAX, Caixa Postal (Voicemail), Callback, Hora Certa, biletadores, dentre outros.  Agente autorizado Oi (antiga Telemar) em Muria\u00e9, h\u00e1 seis anos, ativa links banda larga\/adsl e faz manuten\u00e7\u00e3o destes. Opera com reparos de computadores\/hardwares, implementa\u00e7\u00f5es de sistemas operacionais (baseados em plataformas Linux, Unix e\/ou Windows) e cabeamentos de rede e telefonia.<\/p>\n<p>Outra \u00e1rea de atua\u00e7\u00e3o \u00e9 a manuten\u00e7\u00e3o, comercializa\u00e7\u00e3o e instala\u00e7\u00e3o de equipamentos de telecomunica\u00e7\u00e3o (centrais PABX, aparelhos telef\u00f4nicos, telefonia rural, celular, fax, telefone sem fio curto e longo alcance, etc), equipamentos de seguran\u00e7a eletr\u00f4nica (alarmes, circuito fechado de TV, cerca el\u00e9trica, monitoramento via Internet, etc), interfonia, automatiza\u00e7\u00e3o de port\u00f5es, inform\u00e1tica, etc. <\/p>\n<p>Desde 2004 desenvolve e implementa uma das melhores e mais complexas plataformas de telefonia VoIP no Brasil em parceria com uma Telecom Europ\u00e9ia baseada em Software Livre (OpenSource) com toda a estrutura de primeiro mundo. Ao projeto deu-se o nome DigaVoiP (http:\/\/www.digavoip.com.br).<\/p>\n<p>Os servi\u00e7os prestados caracterizam-se pela compet\u00eancia com que s\u00e3o executados, transmitindo aos clientes seguran\u00e7a e ampliando ainda mais a credibilidade no mercado, com agilidade em apontar e solucionar problemas, tendo como resultado e meta a obten\u00e7\u00e3o de qualidade, rapidez e efici\u00eancia visando total satisfa\u00e7\u00e3o de nossos Clientes.<\/p>\n","protected":false},"excerpt":{"rendered":"<p>Abratel \u00e9 uma empresa especializada em sistemas de tecnologia de informa\u00e7\u00e3o e telecomunica\u00e7\u00f5es, trabalhando h\u00e1 18 anos para desenvolver e prestar servi\u00e7os em produtos de ponta. Apta a projetar e instalar sistemas complexos, assim como elaborar diversas solu\u00e7\u00f5es dedicadas de acordo com as exig\u00eancias de&#8230;<\/p>\n","protected":false},"author":1,"featured_media":0,"parent":0,"menu_order":0,"comment_status":"open","ping_status":"open","template":"","meta":[],"_links":{"self":[{"href":"https:\/\/blog.abratel.com.br\/index.php?rest_route=\/wp\/v2\/pages\/2"}],"collection":[{"href":"https:\/\/blog.abratel.com.br\/index.php?rest_route=\/wp\/v2\/pages"}],"about":[{"href":"https:\/\/blog.abratel.com.br\/index.php?rest_route=\/wp\/v2\/types\/page"}],"author":[{"embeddable":true,"href":"https:\/\/blog.abratel.com.br\/index.php?rest_route=\/wp\/v2\/users\/1"}],"replies":[{"embeddable":true,"href":"https:\/\/blog.abratel.com.br\/index.php?rest_route=%2Fwp%2Fv2%2Fcomments&post=2"}],"version-history":[{"count":0,"href":"https:\/\/blog.abratel.com.br\/index.php?rest_route=\/wp\/v2\/pages\/2\/revisions"}],"wp:attachment":[{"href":"https:\/\/blog.abratel.com.br\/index.php?rest_route=%2Fwp%2Fv2%2Fmedia&parent=2"}],"curies":[{"name":"wp","href":"https:\/\/api.w.org\/{rel}","templated":true}]}}